{"id":15286,"date":"2025-05-09T09:54:26","date_gmt":"2025-05-09T13:54:26","guid":{"rendered":"https:\/\/marianhill.ca\/hospice-care\/"},"modified":"2026-03-20T11:17:26","modified_gmt":"2026-03-20T15:17:26","slug":"hospice","status":"publish","type":"page","link":"https:\/\/marianhill.ca\/fr\/hospice\/","title":{"rendered":"Soins palliatifs"},"content":{"rendered":"\t\t<div data-elementor-type=\"wp-page\" data-elementor-id=\"15286\" class=\"elementor elementor-15286 elementor-9587\">\n\t\t\t\t\t\t<div class=\"elementor-section elementor-top-section elementor-element elementor-element-47bebab elementor-section-stretched animated-fast elementor-section-boxed elementor-section-height-default elementor-section-height-default elementor-invisible\" data-id=\"47bebab\" data-element_type=\"section\" data-e-type=\"section\" data-settings=\"{&quot;stretch_section&quot;:&quot;section-stretched&quot;,&quot;animation&quot;:&quot;opal-move-up&quot;}\">\n\t\t\t\t\t\t<div class=\"elementor-container elementor-column-gap-no\">\n\t\t\t\t\t<div class=\"elementor-column elementor-col-33 elementor-top-column elementor-element elementor-element-288405d\" data-id=\"288405d\" data-element_type=\"column\" data-e-type=\"column\">\n\t\t\t<div class=\"elementor-widget-wrap elementor-element-populated\">\n\t\t\t\t\t\t<div class=\"elementor-element elementor-element-87a9a9d elementor-widget__width-initial elementor-widget elementor-widget-heading\" data-id=\"87a9a9d\" data-element_type=\"widget\" data-e-type=\"widget\" data-widget_type=\"heading.default\">\n\t\t\t\t<div class=\"elementor-widget-container\">\n\t\t\t\t\t<h2 class=\"elementor-heading-title elementor-size-default\">Unissons nos forces pour accompagner la fin de vie<\/h2>\t\t\t\t<\/div>\n\t\t\t\t<\/div>\n\t\t\t\t<div class=\"elementor-element elementor-element-71a30b8 elementor-widget elementor-widget-text-editor\" data-id=\"71a30b8\" data-element_type=\"widget\" data-e-type=\"widget\" data-widget_type=\"text-editor.default\">\n\t\t\t\t<div class=\"elementor-widget-container\">\n\t\t\t\t\t\t\t\t\t<p>Les soins palliatifs sont des soins holistiques de soutien destin\u00e9s aux personnes d\u2019un \u00e2ge avanc\u00e9 dans la plupart des cas qui sont atteintes d\u2019une maladie en phase terminale. Les services s\u2019adressent aussi aux membres de leur famille.<\/p><p>Marianhill s\u2019engage \u00e0 fournir des soins de qualit\u00e9 afin que ses r\u00e9sidents puissent vivre leurs derniers jours dans la dignit\u00e9 et le confort, entour\u00e9s de leurs \u00eatres chers.<\/p>\t\t\t\t\t\t\t\t<\/div>\n\t\t\t\t<\/div>\n\t\t\t\t<div class=\"elementor-element elementor-element-0905d3a elementor-mobile-align-center elementor-align-left button-style-onilife-yes elementor-widget elementor-widget-button\" data-id=\"0905d3a\" data-element_type=\"widget\" data-e-type=\"widget\" data-widget_type=\"button.default\">\n\t\t\t\t<div class=\"elementor-widget-container\">\n\t\t\t\t\t\t\t\t\t<div class=\"elementor-button-wrapper\">\n\t\t\t\t\t<a class=\"elementor-button elementor-button-link elementor-size-sm\" href=\"https:\/\/marianhill.ca\/hospice-care\/\">\n\t\t\t\t\t\t<span class=\"elementor-button-content-wrapper\">\n\t\t\t\t\t\t<span class=\"elementor-button-icon\">\n\t\t\t\t<i aria-hidden=\"true\" class=\"onilife-icon- onilife-icon-chevron-circle-right\"><\/i>\t\t\t<\/span>\n\t\t\t\t\t\t\t\t\t<span class=\"elementor-button-text\">Plus d\u2019informations<\/span>\n\t\t\t\t\t<\/span>\n\t\t\t\t\t<\/a>\n\t\t\t\t<\/div>\n\t\t\t\t\t\t\t\t<\/div>\n\t\t\t\t<\/div>\n\t\t\t\t\t<\/div>\n\t\t<\/div>\n\t\t\t\t<div class=\"elementor-column elementor-col-33 elementor-top-column elementor-element elementor-element-4328332 elementor-hidden-tablet elementor-hidden-mobile_extra elementor-hidden-mobile\" data-id=\"4328332\" data-element_type=\"column\" data-e-type=\"column\">\n\t\t\t<div class=\"elementor-widget-wrap elementor-element-populated\">\n\t\t\t\t\t\t<div class=\"elementor-element elementor-element-d43463a elementor-widget elementor-widget-image\" data-id=\"d43463a\" data-element_type=\"widget\" data-e-type=\"widget\" data-widget_type=\"image.default\">\n\t\t\t\t<div class=\"elementor-widget-container\">\n\t\t\t\t\t\t\t\t\t\t\t\t\t\t\t<img fetchpriority=\"high\" decoding=\"async\" width=\"540\" height=\"600\" src=\"https:\/\/marianhill.ca\/wp-content\/uploads\/2025\/08\/in-bg-hospice-03.jpg\" class=\"attachment-full size-full wp-image-15016\" alt=\"photo: easy chair in marianhill lounge\" srcset=\"https:\/\/marianhill.ca\/wp-content\/uploads\/2025\/08\/in-bg-hospice-03.jpg 540w, https:\/\/marianhill.ca\/wp-content\/uploads\/2025\/08\/in-bg-hospice-03-270x300.jpg 270w\" sizes=\"(max-width: 540px) 100vw, 540px\" \/>\t\t\t\t\t\t\t\t\t\t\t\t\t\t\t<\/div>\n\t\t\t\t<\/div>\n\t\t\t\t\t<\/div>\n\t\t<\/div>\n\t\t\t\t<div class=\"elementor-column elementor-col-33 elementor-top-column elementor-element elementor-element-d0c6b8e animated-fast elementor-invisible\" data-id=\"d0c6b8e\" data-element_type=\"column\" data-e-type=\"column\" data-settings=\"{&quot;background_background&quot;:&quot;classic&quot;,&quot;animation&quot;:&quot;opal-scale-up&quot;,&quot;animation_delay&quot;:200}\">\n\t\t\t<div class=\"elementor-widget-wrap elementor-element-populated\">\n\t\t\t\t\t<div class=\"elementor-background-overlay\"><\/div>\n\t\t\t\t\t\t<div class=\"elementor-element elementor-element-0aefb7e elementor-widget__width-auto elementor-widget elementor-widget-heading\" data-id=\"0aefb7e\" data-element_type=\"widget\" data-e-type=\"widget\" data-widget_type=\"heading.default\">\n\t\t\t\t<div class=\"elementor-widget-container\">\n\t\t\t\t\t<h2 class=\"elementor-heading-title elementor-size-default\">Visite virtuelle<\/h2>\t\t\t\t<\/div>\n\t\t\t\t<\/div>\n\t\t\t\t<div class=\"elementor-element elementor-element-801460c elementor-widget elementor-widget-heading\" data-id=\"801460c\" data-element_type=\"widget\" data-e-type=\"widget\" data-widget_type=\"heading.default\">\n\t\t\t\t<div class=\"elementor-widget-container\">\n\t\t\t\t\t<h4 class=\"elementor-heading-title elementor-size-default\"><a href=\"https:\/\/www.youtube.com\/watch?v=AUbwJ5_QMF4\">SOINS PALLIATIFS<\/a><\/h4>\t\t\t\t<\/div>\n\t\t\t\t<\/div>\n\t\t\t\t<div class=\"elementor-element elementor-element-d5967cb elementor-align-center elementor-widget elementor-widget-button\" data-id=\"d5967cb\" data-element_type=\"widget\" data-e-type=\"widget\" data-widget_type=\"button.default\">\n\t\t\t\t<div class=\"elementor-widget-container\">\n\t\t\t\t\t\t\t\t\t<div class=\"elementor-button-wrapper\">\n\t\t\t\t\t<a class=\"elementor-button elementor-button-link elementor-size-sm\" href=\"https:\/\/www.youtube.com\/watch?v=AUbwJ5_QMF4\" target=\"_blank\">\n\t\t\t\t\t\t<span class=\"elementor-button-content-wrapper\">\n\t\t\t\t\t\t<span class=\"elementor-button-icon\">\n\t\t\t\t<svg aria-hidden=\"true\" class=\"e-font-icon-svg e-fas-chevron-right\" viewBox=\"0 0 320 512\" xmlns=\"http:\/\/www.w3.org\/2000\/svg\"><path d=\"M285.476 272.971L91.132 467.314c-9.373 9.373-24.569 9.373-33.941 0l-22.667-22.667c-9.357-9.357-9.375-24.522-.04-33.901L188.505 256 34.484 101.255c-9.335-9.379-9.317-24.544.04-33.901l22.667-22.667c9.373-9.373 24.569-9.373 33.941 0L285.475 239.03c9.373 9.372 9.373 24.568.001 33.941z\"><\/path><\/svg>\t\t\t<\/span>\n\t\t\t\t\t\t\t\t<\/span>\n\t\t\t\t\t<\/a>\n\t\t\t\t<\/div>\n\t\t\t\t\t\t\t\t<\/div>\n\t\t\t\t<\/div>\n\t\t\t\t\t<\/div>\n\t\t<\/div>\n\t\t\t\t\t<\/div>\n\t\t<\/div>\n\t\t\t\t<section class=\"elementor-section elementor-top-section elementor-element elementor-element-1f5c462 elementor-section-stretched elementor-section-content-middle elementor-section-boxed elementor-section-height-default elementor-section-height-default\" data-id=\"1f5c462\" data-element_type=\"section\" data-e-type=\"section\" data-settings=\"{&quot;stretch_section&quot;:&quot;section-stretched&quot;,&quot;background_background&quot;:&quot;classic&quot;}\">\n\t\t\t\t\t\t\t<div class=\"elementor-background-overlay\"><\/div>\n\t\t\t\t\t\t\t<div class=\"elementor-container elementor-column-gap-no\">\n\t\t\t\t\t<div class=\"elementor-column elementor-col-100 elementor-top-column elementor-element elementor-element-f8cbfbe\" data-id=\"f8cbfbe\" data-element_type=\"column\" data-e-type=\"column\">\n\t\t\t<div class=\"elementor-widget-wrap elementor-element-populated\">\n\t\t\t\t\t\t<div class=\"elementor-element elementor-element-d2b84a5 elementor-widget elementor-widget-heading\" data-id=\"d2b84a5\" data-element_type=\"widget\" data-e-type=\"widget\" data-widget_type=\"heading.default\">\n\t\t\t\t<div class=\"elementor-widget-container\">\n\t\t\t\t\t<h2 class=\"elementor-heading-title elementor-size-default\">Portail \u00e9ducatif de HPCO \u00e0 l\u2019intention des aidants naturels<\/h2>\t\t\t\t<\/div>\n\t\t\t\t<\/div>\n\t\t\t\t<div class=\"elementor-element elementor-element-51a7672 elementor-widget elementor-widget-text-editor\" data-id=\"51a7672\" data-element_type=\"widget\" data-e-type=\"widget\" data-widget_type=\"text-editor.default\">\n\t\t\t\t<div class=\"elementor-widget-container\">\n\t\t\t\t\t\t\t\t\t<p>L\u2019organisme Hospice Palliative Care Ontario (HPCO) offre un portail \u00e9ducatif complet pour les aidants naturels dans le but de leur fournir le soutien, les ressources et les renseignements dont ils ont besoin pour exceller dans leur r\u00f4le.<\/p>\t\t\t\t\t\t\t\t<\/div>\n\t\t\t\t<\/div>\n\t\t\t\t<div class=\"elementor-element elementor-element-baa3b28 elementor-mobile-align-center elementor-align-center button-style-onilife-yes elementor-widget elementor-widget-button\" data-id=\"baa3b28\" data-element_type=\"widget\" data-e-type=\"widget\" data-widget_type=\"button.default\">\n\t\t\t\t<div class=\"elementor-widget-container\">\n\t\t\t\t\t\t\t\t\t<div class=\"elementor-button-wrapper\">\n\t\t\t\t\t<a class=\"elementor-button elementor-button-link elementor-size-sm\" href=\"https:\/\/www.caregiversupport.hpco.ca\/\">\n\t\t\t\t\t\t<span class=\"elementor-button-content-wrapper\">\n\t\t\t\t\t\t<span class=\"elementor-button-icon\">\n\t\t\t\t<i aria-hidden=\"true\" class=\"onilife-icon- onilife-icon-chevron-circle-right\"><\/i>\t\t\t<\/span>\n\t\t\t\t\t\t\t\t\t<span class=\"elementor-button-text\">PLUS D\u2019INFORMATIONS<\/span>\n\t\t\t\t\t<\/span>\n\t\t\t\t\t<\/a>\n\t\t\t\t<\/div>\n\t\t\t\t\t\t\t\t<\/div>\n\t\t\t\t<\/div>\n\t\t\t\t\t<\/div>\n\t\t<\/div>\n\t\t\t\t\t<\/div>\n\t\t<\/section>\n\t\t\t\t<div class=\"elementor-section elementor-top-section elementor-element elementor-element-766250d elementor-section-stretched elementor-section-boxed elementor-section-height-default elementor-section-height-default\" data-id=\"766250d\" data-element_type=\"section\" data-e-type=\"section\" data-settings=\"{&quot;stretch_section&quot;:&quot;section-stretched&quot;,&quot;background_background&quot;:&quot;classic&quot;}\">\n\t\t\t\t\t\t\t<div class=\"elementor-background-overlay\"><\/div>\n\t\t\t\t\t\t\t<div class=\"elementor-container elementor-column-gap-no\">\n\t\t\t\t\t<div class=\"elementor-column elementor-col-100 elementor-top-column elementor-element elementor-element-73324f6\" data-id=\"73324f6\" data-element_type=\"column\" data-e-type=\"column\">\n\t\t\t<div class=\"elementor-widget-wrap elementor-element-populated\">\n\t\t\t\t\t\t<div class=\"elementor-element elementor-element-a2092d4 elementor-widget__width-initial elementor-widget elementor-widget-heading\" data-id=\"a2092d4\" data-element_type=\"widget\" data-e-type=\"widget\" data-widget_type=\"heading.default\">\n\t\t\t\t<div class=\"elementor-widget-container\">\n\t\t\t\t\t<h2 class=\"elementor-heading-title elementor-size-default\">Un de vos proches n\u00e9cessite des soins palliatifs?<\/h2>\t\t\t\t<\/div>\n\t\t\t\t<\/div>\n\t\t\t\t<div class=\"elementor-element elementor-element-6374916 elementor-widget elementor-widget-spacer\" data-id=\"6374916\" data-element_type=\"widget\" data-e-type=\"widget\" data-widget_type=\"spacer.default\">\n\t\t\t\t<div class=\"elementor-widget-container\">\n\t\t\t\t\t\t\t<div class=\"elementor-spacer\">\n\t\t\t<div class=\"elementor-spacer-inner\"><\/div>\n\t\t<\/div>\n\t\t\t\t\t\t<\/div>\n\t\t\t\t<\/div>\n\t\t\t\t<div class=\"elementor-element elementor-element-c826861 elementor-widget__width-initial elementor-widget elementor-widget-text-editor\" data-id=\"c826861\" data-element_type=\"widget\" data-e-type=\"widget\" data-widget_type=\"text-editor.default\">\n\t\t\t\t<div class=\"elementor-widget-container\">\n\t\t\t\t\t\t\t\t\tMarianhill offre des soins palliatifs aux membres admissibles de la collectivit\u00e9. Unissons nos forces pour <\/br>accompagner la fin de vie.\t\t\t\t\t\t\t\t<\/div>\n\t\t\t\t<\/div>\n\t\t\t\t<div class=\"elementor-element elementor-element-ad8f280 elementor-widget elementor-widget-text-editor\" data-id=\"ad8f280\" data-element_type=\"widget\" data-e-type=\"widget\" data-widget_type=\"text-editor.default\">\n\t\t\t\t<div class=\"elementor-widget-container\">\n\t\t\t\t\t\t\t\t\t<p>Vous pouvez communiquer avec la directrice des soins, Diane Tennant, au 613-633-4262<\/p>\t\t\t\t\t\t\t\t<\/div>\n\t\t\t\t<\/div>\n\t\t\t\t<div class=\"elementor-element elementor-element-2e96621 elementor-mobile-align-center elementor-align-center button-style-onilife-yes elementor-widget elementor-widget-button\" data-id=\"2e96621\" data-element_type=\"widget\" data-e-type=\"widget\" data-widget_type=\"button.default\">\n\t\t\t\t<div class=\"elementor-widget-container\">\n\t\t\t\t\t\t\t\t\t<div class=\"elementor-button-wrapper\">\n\t\t\t\t\t<a class=\"elementor-button elementor-button-link elementor-size-sm\" href=\"https:\/\/marianhill.ca\/fr\/apply-for-hospice-care\/\">\n\t\t\t\t\t\t<span class=\"elementor-button-content-wrapper\">\n\t\t\t\t\t\t<span class=\"elementor-button-icon\">\n\t\t\t\t<i aria-hidden=\"true\" class=\"onilife-icon- onilife-icon-chevron-circle-right\"><\/i>\t\t\t<\/span>\n\t\t\t\t\t\t\t\t\t<span class=\"elementor-button-text\">Admission aux soins palliatifs<\/span>\n\t\t\t\t\t<\/span>\n\t\t\t\t\t<\/a>\n\t\t\t\t<\/div>\n\t\t\t\t\t\t\t\t<\/div>\n\t\t\t\t<\/div>\n\t\t\t\t\t<\/div>\n\t\t<\/div>\n\t\t\t\t\t<\/div>\n\t\t<\/div>\n\t\t\t\t<\/div>\n\t\t","protected":false},"excerpt":{"rendered":"<p>Unissons nos forces pour accompagner la fin de vie Les soins palliatifs sont des soins holistiques de soutien destin\u00e9s aux personnes d\u2019un \u00e2ge avanc\u00e9 dans la plupart des cas qui sont atteintes d\u2019une maladie en phase terminale. Les services s\u2019adressent aussi aux membres de leur famille. Marianhill s\u2019engage \u00e0 fournir des soins de qualit\u00e9 afin [&hellip;]<\/p>\n","protected":false},"author":1,"featured_media":0,"parent":0,"menu_order":0,"comment_status":"closed","ping_status":"closed","template":"","meta":{"inline_featured_image":false,"footnotes":""},"class_list":["post-15286","page","type-page","status-publish","hentry"],"yoast_head":"<!-- This site is optimized with the Yoast SEO plugin v27.4 - https:\/\/yoast.com\/product\/yoast-seo-wordpress\/ -->\n<title>Soins palliatifs - Marianhill<\/title>\n<meta name=\"description\" content=\"Marianhill offre \u00e0 ses r\u00e9sidents des soins de qualit\u00e9 pour qu\u2019ils vivent leurs derniers jours dans la dignit\u00e9 et le confort, avec leurs \u00eatres chers.\" \/>\n<meta name=\"robots\" content=\"index, follow, max-snippet:-1, max-image-preview:large, max-video-preview:-1\" \/>\n<link rel=\"canonical\" href=\"https:\/\/marianhill.ca\/fr\/hospice\/\" \/>\n<meta property=\"og:locale\" content=\"fr_FR\" \/>\n<meta property=\"og:type\" content=\"article\" \/>\n<meta property=\"og:title\" content=\"Soins palliatifs - Marianhill\" \/>\n<meta property=\"og:description\" content=\"Marianhill offre \u00e0 ses r\u00e9sidents des soins de qualit\u00e9 pour qu\u2019ils vivent leurs derniers jours dans la dignit\u00e9 et le confort, avec leurs \u00eatres chers.\" \/>\n<meta property=\"og:url\" content=\"https:\/\/marianhill.ca\/fr\/hospice\/\" \/>\n<meta property=\"og:site_name\" content=\"Marianhill\" \/>\n<meta property=\"article:modified_time\" content=\"2026-03-20T15:17:26+00:00\" \/>\n<meta property=\"og:image\" content=\"https:\/\/marianhill.ca\/wp-content\/uploads\/2025\/08\/in-bg-hospice-03.jpg\" \/>\n<meta name=\"twitter:card\" content=\"summary_large_image\" \/>\n<meta name=\"twitter:label1\" content=\"Dur\u00e9e de lecture estim\u00e9e\" \/>\n\t<meta name=\"twitter:data1\" content=\"1 minute\" \/>\n<script type=\"application\/ld+json\" class=\"yoast-schema-graph\">{\"@context\":\"https:\\\/\\\/schema.org\",\"@graph\":[{\"@type\":\"WebPage\",\"@id\":\"https:\\\/\\\/marianhill.ca\\\/fr\\\/hospice\\\/\",\"url\":\"https:\\\/\\\/marianhill.ca\\\/fr\\\/hospice\\\/\",\"name\":\"Soins palliatifs - Marianhill\",\"isPartOf\":{\"@id\":\"https:\\\/\\\/marianhill.ca\\\/fr\\\/#website\"},\"primaryImageOfPage\":{\"@id\":\"https:\\\/\\\/marianhill.ca\\\/fr\\\/hospice\\\/#primaryimage\"},\"image\":{\"@id\":\"https:\\\/\\\/marianhill.ca\\\/fr\\\/hospice\\\/#primaryimage\"},\"thumbnailUrl\":\"https:\\\/\\\/marianhill.ca\\\/wp-content\\\/uploads\\\/2025\\\/08\\\/in-bg-hospice-03.jpg\",\"datePublished\":\"2025-05-09T13:54:26+00:00\",\"dateModified\":\"2026-03-20T15:17:26+00:00\",\"description\":\"Marianhill offre \u00e0 ses r\u00e9sidents des soins de qualit\u00e9 pour qu\u2019ils vivent leurs derniers jours dans la dignit\u00e9 et le confort, avec leurs \u00eatres chers.\",\"breadcrumb\":{\"@id\":\"https:\\\/\\\/marianhill.ca\\\/fr\\\/hospice\\\/#breadcrumb\"},\"inLanguage\":\"fr-FR\",\"potentialAction\":[{\"@type\":\"ReadAction\",\"target\":[\"https:\\\/\\\/marianhill.ca\\\/fr\\\/hospice\\\/\"]}]},{\"@type\":\"ImageObject\",\"inLanguage\":\"fr-FR\",\"@id\":\"https:\\\/\\\/marianhill.ca\\\/fr\\\/hospice\\\/#primaryimage\",\"url\":\"https:\\\/\\\/marianhill.ca\\\/wp-content\\\/uploads\\\/2025\\\/08\\\/in-bg-hospice-03.jpg\",\"contentUrl\":\"https:\\\/\\\/marianhill.ca\\\/wp-content\\\/uploads\\\/2025\\\/08\\\/in-bg-hospice-03.jpg\"},{\"@type\":\"BreadcrumbList\",\"@id\":\"https:\\\/\\\/marianhill.ca\\\/fr\\\/hospice\\\/#breadcrumb\",\"itemListElement\":[{\"@type\":\"ListItem\",\"position\":1,\"name\":\"Home\",\"item\":\"https:\\\/\\\/marianhill.ca\\\/fr\\\/home\\\/\"},{\"@type\":\"ListItem\",\"position\":2,\"name\":\"Soins palliatifs\"}]},{\"@type\":\"WebSite\",\"@id\":\"https:\\\/\\\/marianhill.ca\\\/fr\\\/#website\",\"url\":\"https:\\\/\\\/marianhill.ca\\\/fr\\\/\",\"name\":\"Marianhill\",\"description\":\"Nurturing the Body, Mind and Soul\",\"publisher\":{\"@id\":\"https:\\\/\\\/marianhill.ca\\\/fr\\\/#organization\"},\"potentialAction\":[{\"@type\":\"SearchAction\",\"target\":{\"@type\":\"EntryPoint\",\"urlTemplate\":\"https:\\\/\\\/marianhill.ca\\\/fr\\\/?s={search_term_string}\"},\"query-input\":{\"@type\":\"PropertyValueSpecification\",\"valueRequired\":true,\"valueName\":\"search_term_string\"}}],\"inLanguage\":\"fr-FR\"},{\"@type\":\"Organization\",\"@id\":\"https:\\\/\\\/marianhill.ca\\\/fr\\\/#organization\",\"name\":\"Marianhill\",\"url\":\"https:\\\/\\\/marianhill.ca\\\/fr\\\/\",\"logo\":{\"@type\":\"ImageObject\",\"inLanguage\":\"fr-FR\",\"@id\":\"https:\\\/\\\/marianhill.ca\\\/fr\\\/#\\\/schema\\\/logo\\\/image\\\/\",\"url\":\"https:\\\/\\\/marianhill.ca\\\/wp-content\\\/uploads\\\/2025\\\/06\\\/marianhill-logo-6a7f62-300-01.png\",\"contentUrl\":\"https:\\\/\\\/marianhill.ca\\\/wp-content\\\/uploads\\\/2025\\\/06\\\/marianhill-logo-6a7f62-300-01.png\",\"width\":300,\"height\":32,\"caption\":\"Marianhill\"},\"image\":{\"@id\":\"https:\\\/\\\/marianhill.ca\\\/fr\\\/#\\\/schema\\\/logo\\\/image\\\/\"}}]}<\/script>\n<!-- \/ Yoast SEO plugin. -->","yoast_head_json":{"title":"Soins palliatifs - Marianhill","description":"Marianhill offre \u00e0 ses r\u00e9sidents des soins de qualit\u00e9 pour qu\u2019ils vivent leurs derniers jours dans la dignit\u00e9 et le confort, avec leurs \u00eatres chers.","robots":{"index":"index","follow":"follow","max-snippet":"max-snippet:-1","max-image-preview":"max-image-preview:large","max-video-preview":"max-video-preview:-1"},"canonical":"https:\/\/marianhill.ca\/fr\/hospice\/","og_locale":"fr_FR","og_type":"article","og_title":"Soins palliatifs - Marianhill","og_description":"Marianhill offre \u00e0 ses r\u00e9sidents des soins de qualit\u00e9 pour qu\u2019ils vivent leurs derniers jours dans la dignit\u00e9 et le confort, avec leurs \u00eatres chers.","og_url":"https:\/\/marianhill.ca\/fr\/hospice\/","og_site_name":"Marianhill","article_modified_time":"2026-03-20T15:17:26+00:00","og_image":[{"url":"https:\/\/marianhill.ca\/wp-content\/uploads\/2025\/08\/in-bg-hospice-03.jpg","type":"","width":"","height":""}],"twitter_card":"summary_large_image","twitter_misc":{"Dur\u00e9e de lecture estim\u00e9e":"1 minute"},"schema":{"@context":"https:\/\/schema.org","@graph":[{"@type":"WebPage","@id":"https:\/\/marianhill.ca\/fr\/hospice\/","url":"https:\/\/marianhill.ca\/fr\/hospice\/","name":"Soins palliatifs - Marianhill","isPartOf":{"@id":"https:\/\/marianhill.ca\/fr\/#website"},"primaryImageOfPage":{"@id":"https:\/\/marianhill.ca\/fr\/hospice\/#primaryimage"},"image":{"@id":"https:\/\/marianhill.ca\/fr\/hospice\/#primaryimage"},"thumbnailUrl":"https:\/\/marianhill.ca\/wp-content\/uploads\/2025\/08\/in-bg-hospice-03.jpg","datePublished":"2025-05-09T13:54:26+00:00","dateModified":"2026-03-20T15:17:26+00:00","description":"Marianhill offre \u00e0 ses r\u00e9sidents des soins de qualit\u00e9 pour qu\u2019ils vivent leurs derniers jours dans la dignit\u00e9 et le confort, avec leurs \u00eatres chers.","breadcrumb":{"@id":"https:\/\/marianhill.ca\/fr\/hospice\/#breadcrumb"},"inLanguage":"fr-FR","potentialAction":[{"@type":"ReadAction","target":["https:\/\/marianhill.ca\/fr\/hospice\/"]}]},{"@type":"ImageObject","inLanguage":"fr-FR","@id":"https:\/\/marianhill.ca\/fr\/hospice\/#primaryimage","url":"https:\/\/marianhill.ca\/wp-content\/uploads\/2025\/08\/in-bg-hospice-03.jpg","contentUrl":"https:\/\/marianhill.ca\/wp-content\/uploads\/2025\/08\/in-bg-hospice-03.jpg"},{"@type":"BreadcrumbList","@id":"https:\/\/marianhill.ca\/fr\/hospice\/#breadcrumb","itemListElement":[{"@type":"ListItem","position":1,"name":"Home","item":"https:\/\/marianhill.ca\/fr\/home\/"},{"@type":"ListItem","position":2,"name":"Soins palliatifs"}]},{"@type":"WebSite","@id":"https:\/\/marianhill.ca\/fr\/#website","url":"https:\/\/marianhill.ca\/fr\/","name":"Marianhill","description":"Nurturing the Body, Mind and Soul","publisher":{"@id":"https:\/\/marianhill.ca\/fr\/#organization"},"potentialAction":[{"@type":"SearchAction","target":{"@type":"EntryPoint","urlTemplate":"https:\/\/marianhill.ca\/fr\/?s={search_term_string}"},"query-input":{"@type":"PropertyValueSpecification","valueRequired":true,"valueName":"search_term_string"}}],"inLanguage":"fr-FR"},{"@type":"Organization","@id":"https:\/\/marianhill.ca\/fr\/#organization","name":"Marianhill","url":"https:\/\/marianhill.ca\/fr\/","logo":{"@type":"ImageObject","inLanguage":"fr-FR","@id":"https:\/\/marianhill.ca\/fr\/#\/schema\/logo\/image\/","url":"https:\/\/marianhill.ca\/wp-content\/uploads\/2025\/06\/marianhill-logo-6a7f62-300-01.png","contentUrl":"https:\/\/marianhill.ca\/wp-content\/uploads\/2025\/06\/marianhill-logo-6a7f62-300-01.png","width":300,"height":32,"caption":"Marianhill"},"image":{"@id":"https:\/\/marianhill.ca\/fr\/#\/schema\/logo\/image\/"}}]}},"publishpress_future_action":{"enabled":false,"date":"2026-05-01 10:53:45","action":"change-status","newStatus":"draft","terms":[],"taxonomy":"translation_priority","extraData":[]},"publishpress_future_workflow_manual_trigger":{"enabledWorkflows":[]},"_links":{"self":[{"href":"https:\/\/marianhill.ca\/fr\/wp-json\/wp\/v2\/pages\/15286","targetHints":{"allow":["GET"]}}],"collection":[{"href":"https:\/\/marianhill.ca\/fr\/wp-json\/wp\/v2\/pages"}],"about":[{"href":"https:\/\/marianhill.ca\/fr\/wp-json\/wp\/v2\/types\/page"}],"author":[{"embeddable":true,"href":"https:\/\/marianhill.ca\/fr\/wp-json\/wp\/v2\/users\/1"}],"replies":[{"embeddable":true,"href":"https:\/\/marianhill.ca\/fr\/wp-json\/wp\/v2\/comments?post=15286"}],"version-history":[{"count":18,"href":"https:\/\/marianhill.ca\/fr\/wp-json\/wp\/v2\/pages\/15286\/revisions"}],"predecessor-version":[{"id":16628,"href":"https:\/\/marianhill.ca\/fr\/wp-json\/wp\/v2\/pages\/15286\/revisions\/16628"}],"wp:attachment":[{"href":"https:\/\/marianhill.ca\/fr\/wp-json\/wp\/v2\/media?parent=15286"}],"curies":[{"name":"wp","href":"https:\/\/api.w.org\/{rel}","templated":true}]}}