{"id":15280,"date":"2025-05-30T10:46:32","date_gmt":"2025-05-30T14:46:32","guid":{"rendered":"https:\/\/marianhill.ca\/dons\/"},"modified":"2026-03-24T09:40:42","modified_gmt":"2026-03-24T13:40:42","slug":"giving","status":"publish","type":"page","link":"https:\/\/marianhill.ca\/fr\/giving\/","title":{"rendered":"Dons"},"content":{"rendered":"\t\t<div data-elementor-type=\"wp-page\" data-elementor-id=\"15280\" class=\"elementor elementor-15280 elementor-10466\">\n\t\t\t\t\t\t<div class=\"elementor-section elementor-top-section elementor-element elementor-element-bf9003c elementor-section-stretched animated-fast elementor-section-boxed elementor-section-height-default elementor-section-height-default elementor-invisible\" data-id=\"bf9003c\" data-element_type=\"section\" data-e-type=\"section\" data-settings=\"{&quot;stretch_section&quot;:&quot;section-stretched&quot;,&quot;animation&quot;:&quot;opal-move-up&quot;}\">\n\t\t\t\t\t\t<div class=\"elementor-container elementor-column-gap-no\">\n\t\t\t\t\t<div class=\"elementor-column elementor-col-33 elementor-top-column elementor-element elementor-element-8411e1f\" data-id=\"8411e1f\" data-element_type=\"column\" data-e-type=\"column\">\n\t\t\t<div class=\"elementor-widget-wrap elementor-element-populated\">\n\t\t\t\t\t\t<div class=\"elementor-element elementor-element-1dc70f4 elementor-widget__width-initial elementor-widget elementor-widget-heading\" data-id=\"1dc70f4\" data-element_type=\"widget\" data-e-type=\"widget\" data-widget_type=\"heading.default\">\n\t\t\t\t<div class=\"elementor-widget-container\">\n\t\t\t\t\t<h3 class=\"elementor-heading-title elementor-size-default\">Fondations Marianhill<\/h3>\t\t\t\t<\/div>\n\t\t\t\t<\/div>\n\t\t\t\t<div class=\"elementor-element elementor-element-19cd570 elementor-widget elementor-widget-text-editor\" data-id=\"19cd570\" data-element_type=\"widget\" data-e-type=\"widget\" data-widget_type=\"text-editor.default\">\n\t\t\t\t<div class=\"elementor-widget-container\">\n\t\t\t\t\t\t\t\t\t<p><span style=\"font-weight: 400;\">La Fondation Marianhill a \u00e9t\u00e9 mise sur pied en 1997 pour lever des fonds et soutenir les programmes propos\u00e9s \u00e0 Marianhill.<\/span><\/p><p>Glenn Casey, pr\u00e9sident<br \/>Dean Sauriol, vice-pr\u00e9sident<br \/>Linda M. Tracey, secr\u00e9taire et tr\u00e9sori\u00e8re<br \/>Monica Harrington<br \/>Chris Neville<br \/>Anthony Garretto<br \/>Hector Clouthier<\/p>\t\t\t\t\t\t\t\t<\/div>\n\t\t\t\t<\/div>\n\t\t\t\t\t<\/div>\n\t\t<\/div>\n\t\t\t\t<div class=\"elementor-column elementor-col-33 elementor-top-column elementor-element elementor-element-6de19ca elementor-hidden-tablet elementor-hidden-mobile_extra elementor-hidden-mobile\" data-id=\"6de19ca\" data-element_type=\"column\" data-e-type=\"column\">\n\t\t\t<div class=\"elementor-widget-wrap elementor-element-populated\">\n\t\t\t\t\t\t<div class=\"elementor-element elementor-element-8858ad6 elementor-widget elementor-widget-image\" data-id=\"8858ad6\" data-element_type=\"widget\" data-e-type=\"widget\" data-widget_type=\"image.default\">\n\t\t\t\t<div class=\"elementor-widget-container\">\n\t\t\t\t\t\t\t\t\t\t\t\t\t\t\t<img fetchpriority=\"high\" decoding=\"async\" width=\"540\" height=\"600\" src=\"https:\/\/marianhill.ca\/wp-content\/uploads\/2026\/03\/in-bg-foundation-02.jpg\" class=\"attachment-full size-full wp-image-16413\" alt=\"\" srcset=\"https:\/\/marianhill.ca\/wp-content\/uploads\/2026\/03\/in-bg-foundation-02.jpg 540w, https:\/\/marianhill.ca\/wp-content\/uploads\/2026\/03\/in-bg-foundation-02-270x300.jpg 270w\" sizes=\"(max-width: 540px) 100vw, 540px\" \/>\t\t\t\t\t\t\t\t\t\t\t\t\t\t\t<\/div>\n\t\t\t\t<\/div>\n\t\t\t\t\t<\/div>\n\t\t<\/div>\n\t\t\t\t<div class=\"elementor-column elementor-col-33 elementor-top-column elementor-element elementor-element-165ed00 animated-fast elementor-invisible\" data-id=\"165ed00\" data-element_type=\"column\" data-e-type=\"column\" data-settings=\"{&quot;background_background&quot;:&quot;classic&quot;,&quot;animation&quot;:&quot;opal-scale-up&quot;,&quot;animation_delay&quot;:200}\">\n\t\t\t<div class=\"elementor-widget-wrap elementor-element-populated\">\n\t\t\t\t\t<div class=\"elementor-background-overlay\"><\/div>\n\t\t\t\t\t\t<div class=\"elementor-element elementor-element-4f8f988 elementor-widget__width-auto elementor-widget elementor-widget-heading\" data-id=\"4f8f988\" data-element_type=\"widget\" data-e-type=\"widget\" data-widget_type=\"heading.default\">\n\t\t\t\t<div class=\"elementor-widget-container\">\n\t\t\t\t\t<h2 class=\"elementor-heading-title elementor-size-default\">D\u00e9claration d\u2019intention de la Fondation Marianhill<\/h2>\t\t\t\t<\/div>\n\t\t\t\t<\/div>\n\t\t\t\t<div class=\"elementor-element elementor-element-7c66ea7 elementor-widget elementor-widget-text-editor\" data-id=\"7c66ea7\" data-element_type=\"widget\" data-e-type=\"widget\" data-widget_type=\"text-editor.default\">\n\t\t\t\t<div class=\"elementor-widget-container\">\n\t\t\t\t\t\t\t\t\t<p>Soutenir le milieu et les programmes de soins de longue dur\u00e9e de Marianhill en mobilisant et en allouant des ressources financi\u00e8res et communautaires.<\/p>\t\t\t\t\t\t\t\t<\/div>\n\t\t\t\t<\/div>\n\t\t\t\t\t<\/div>\n\t\t<\/div>\n\t\t\t\t\t<\/div>\n\t\t<\/div>\n\t\t\t\t<section class=\"elementor-section elementor-top-section elementor-element elementor-element-325bc4f elementor-section-stretched elementor-section-content-middle elementor-section-boxed elementor-section-height-default elementor-section-height-default\" data-id=\"325bc4f\" data-element_type=\"section\" data-e-type=\"section\" data-settings=\"{&quot;stretch_section&quot;:&quot;section-stretched&quot;,&quot;background_background&quot;:&quot;classic&quot;}\">\n\t\t\t\t\t\t\t<div class=\"elementor-background-overlay\"><\/div>\n\t\t\t\t\t\t\t<div class=\"elementor-container elementor-column-gap-no\">\n\t\t\t\t\t<div class=\"elementor-column elementor-col-100 elementor-top-column elementor-element elementor-element-dd0ea3c\" data-id=\"dd0ea3c\" data-element_type=\"column\" data-e-type=\"column\">\n\t\t\t<div class=\"elementor-widget-wrap elementor-element-populated\">\n\t\t\t\t\t\t<div class=\"elementor-element elementor-element-29b2871 elementor-widget elementor-widget-heading\" data-id=\"29b2871\" data-element_type=\"widget\" data-e-type=\"widget\" data-widget_type=\"heading.default\">\n\t\t\t\t<div class=\"elementor-widget-container\">\n\t\t\t\t\t<h2 class=\"elementor-heading-title elementor-size-default\">Projet \u00ab Building Care \u00bb<\/h2>\t\t\t\t<\/div>\n\t\t\t\t<\/div>\n\t\t\t\t<div class=\"elementor-element elementor-element-ca73670 elementor-widget__width-initial elementor-widget elementor-widget-text-editor\" data-id=\"ca73670\" data-element_type=\"widget\" data-e-type=\"widget\" data-widget_type=\"text-editor.default\">\n\t\t\t\t<div class=\"elementor-widget-container\">\n\t\t\t\t\t\t\t\t\t<p>Tout le monde peut contribuer \u00e0 la campagne du projet \u00ab Building Care \u00bb, autant les particuliers que<br \/>les groupes communautaires et les entreprises.<\/p>\t\t\t\t\t\t\t\t<\/div>\n\t\t\t\t<\/div>\n\t\t\t\t<div class=\"elementor-element elementor-element-1977c8f elementor-mobile-align-center elementor-align-center button-style-onilife-yes elementor-widget elementor-widget-button\" data-id=\"1977c8f\" data-element_type=\"widget\" data-e-type=\"widget\" data-widget_type=\"button.default\">\n\t\t\t\t<div class=\"elementor-widget-container\">\n\t\t\t\t\t\t\t\t\t<div class=\"elementor-button-wrapper\">\n\t\t\t\t\t<a class=\"elementor-button elementor-button-link elementor-size-sm\" href=\"https:\/\/marianhill.ca\/building-care\/\">\n\t\t\t\t\t\t<span class=\"elementor-button-content-wrapper\">\n\t\t\t\t\t\t<span class=\"elementor-button-icon\">\n\t\t\t\t<i aria-hidden=\"true\" class=\"onilife-icon- onilife-icon-chevron-circle-right\"><\/i>\t\t\t<\/span>\n\t\t\t\t\t\t\t\t\t<span class=\"elementor-button-text\">PLUS D\u2019INFORMATIONS<\/span>\n\t\t\t\t\t<\/span>\n\t\t\t\t\t<\/a>\n\t\t\t\t<\/div>\n\t\t\t\t\t\t\t\t<\/div>\n\t\t\t\t<\/div>\n\t\t\t\t\t<\/div>\n\t\t<\/div>\n\t\t\t\t\t<\/div>\n\t\t<\/section>\n\t\t\t\t<div class=\"elementor-section elementor-top-section elementor-element elementor-element-3abd03e elementor-section-stretched elementor-section-boxed elementor-section-height-default elementor-section-height-default\" data-id=\"3abd03e\" data-element_type=\"section\" data-e-type=\"section\" data-settings=\"{&quot;stretch_section&quot;:&quot;section-stretched&quot;,&quot;background_background&quot;:&quot;classic&quot;}\">\n\t\t\t\t\t\t\t<div class=\"elementor-background-overlay\"><\/div>\n\t\t\t\t\t\t\t<div class=\"elementor-container elementor-column-gap-no\">\n\t\t\t\t\t<div class=\"elementor-column elementor-col-100 elementor-top-column elementor-element elementor-element-55a6d30\" data-id=\"55a6d30\" data-element_type=\"column\" data-e-type=\"column\">\n\t\t\t<div class=\"elementor-widget-wrap elementor-element-populated\">\n\t\t\t\t\t\t<div class=\"elementor-element elementor-element-bceafb3 elementor-widget__width-initial elementor-widget elementor-widget-heading\" data-id=\"bceafb3\" data-element_type=\"widget\" data-e-type=\"widget\" data-widget_type=\"heading.default\">\n\t\t\t\t<div class=\"elementor-widget-container\">\n\t\t\t\t\t<h2 class=\"elementor-heading-title elementor-size-default\">Vous souhaitez faire du b\u00e9n\u00e9volat \u00e0 Marianhill?<\/h2>\t\t\t\t<\/div>\n\t\t\t\t<\/div>\n\t\t\t\t<div class=\"elementor-element elementor-element-2832797 elementor-widget elementor-widget-spacer\" data-id=\"2832797\" data-element_type=\"widget\" data-e-type=\"widget\" data-widget_type=\"spacer.default\">\n\t\t\t\t<div class=\"elementor-widget-container\">\n\t\t\t\t\t\t\t<div class=\"elementor-spacer\">\n\t\t\t<div class=\"elementor-spacer-inner\"><\/div>\n\t\t<\/div>\n\t\t\t\t\t\t<\/div>\n\t\t\t\t<\/div>\n\t\t\t\t<div class=\"elementor-element elementor-element-90f7315 elementor-widget__width-initial elementor-widget elementor-widget-text-editor\" data-id=\"90f7315\" data-element_type=\"widget\" data-e-type=\"widget\" data-widget_type=\"text-editor.default\">\n\t\t\t\t<div class=\"elementor-widget-container\">\n\t\t\t\t\t\t\t\t\t<p>Les b\u00e9n\u00e9voles jouent un r\u00f4le essentiel pour embellir la vie de tous les r\u00e9sidents de Marianhill.<br \/>Choisissez les domaines de travail qui vous int\u00e9ressent et communiquez avec la gestionnaire des loisirs et des b\u00e9n\u00e9voles.<\/p>\t\t\t\t\t\t\t\t<\/div>\n\t\t\t\t<\/div>\n\t\t\t\t<div class=\"elementor-element elementor-element-f556692 elementor-widget elementor-widget-text-editor\" data-id=\"f556692\" data-element_type=\"widget\" data-e-type=\"widget\" data-widget_type=\"text-editor.default\">\n\t\t\t\t<div class=\"elementor-widget-container\">\n\t\t\t\t\t\t\t\t\t<p>Appelez Wendy Biernaskie au 613-633-4329<\/p>\t\t\t\t\t\t\t\t<\/div>\n\t\t\t\t<\/div>\n\t\t\t\t<div class=\"elementor-element elementor-element-1fc9d47 elementor-align-center button-style-onilife-yes elementor-widget elementor-widget-button\" data-id=\"1fc9d47\" data-element_type=\"widget\" data-e-type=\"widget\" data-widget_type=\"button.default\">\n\t\t\t\t<div class=\"elementor-widget-container\">\n\t\t\t\t\t\t\t\t\t<div class=\"elementor-button-wrapper\">\n\t\t\t\t\t<a class=\"elementor-button elementor-button-link elementor-size-sm\" href=\"mailto:wbiernaskie@marianhill.ca\">\n\t\t\t\t\t\t<span class=\"elementor-button-content-wrapper\">\n\t\t\t\t\t\t<span class=\"elementor-button-icon\">\n\t\t\t\t<svg aria-hidden=\"true\" class=\"e-font-icon-svg e-far-envelope\" viewBox=\"0 0 512 512\" xmlns=\"http:\/\/www.w3.org\/2000\/svg\"><path d=\"M464 64H48C21.49 64 0 85.49 0 112v288c0 26.51 21.49 48 48 48h416c26.51 0 48-21.49 48-48V112c0-26.51-21.49-48-48-48zm0 48v40.805c-22.422 18.259-58.168 46.651-134.587 106.49-16.841 13.247-50.201 45.072-73.413 44.701-23.208.375-56.579-31.459-73.413-44.701C106.18 199.465 70.425 171.067 48 152.805V112h416zM48 400V214.398c22.914 18.251 55.409 43.862 104.938 82.646 21.857 17.205 60.134 55.186 103.062 54.955 42.717.231 80.509-37.199 103.053-54.947 49.528-38.783 82.032-64.401 104.947-82.653V400H48z\"><\/path><\/svg>\t\t\t<\/span>\n\t\t\t\t\t\t\t\t\t<span class=\"elementor-button-text\"> \u00c9CRIRE \u00c0 LA GESTIONNAIRE DES LOISIRS ET DES B\u00c9N\u00c9VOLES<\/span>\n\t\t\t\t\t<\/span>\n\t\t\t\t\t<\/a>\n\t\t\t\t<\/div>\n\t\t\t\t\t\t\t\t<\/div>\n\t\t\t\t<\/div>\n\t\t\t\t\t<\/div>\n\t\t<\/div>\n\t\t\t\t\t<\/div>\n\t\t<\/div>\n\t\t\t\t<\/div>\n\t\t","protected":false},"excerpt":{"rendered":"<p>Fondations Marianhill La Fondation Marianhill a \u00e9t\u00e9 mise sur pied en 1997 pour lever des fonds et soutenir les programmes propos\u00e9s \u00e0 Marianhill. Glenn Casey, pr\u00e9sidentDean Sauriol, vice-pr\u00e9sidentLinda M. Tracey, secr\u00e9taire et tr\u00e9sori\u00e8reMonica HarringtonChris NevilleAnthony GarrettoHector Clouthier D\u00e9claration d\u2019intention de la Fondation Marianhill Soutenir le milieu et les programmes de soins de longue dur\u00e9e de [&hellip;]<\/p>\n","protected":false},"author":1,"featured_media":0,"parent":0,"menu_order":0,"comment_status":"closed","ping_status":"closed","template":"","meta":{"inline_featured_image":false,"footnotes":""},"class_list":["post-15280","page","type-page","status-publish","hentry"],"yoast_head":"<!-- This site is optimized with the Yoast SEO plugin v27.4 - https:\/\/yoast.com\/product\/yoast-seo-wordpress\/ -->\n<title>Dons - Marianhill<\/title>\n<meta name=\"description\" content=\"La Fondation Marianhill a \u00e9t\u00e9 mise sur pied en 1997 pour lever des fonds et soutenir les programmes propos\u00e9s \u00e0 Marianhill.\" \/>\n<meta name=\"robots\" content=\"index, follow, max-snippet:-1, max-image-preview:large, max-video-preview:-1\" \/>\n<link rel=\"canonical\" href=\"https:\/\/marianhill.ca\/fr\/giving\/\" \/>\n<meta property=\"og:locale\" content=\"fr_FR\" \/>\n<meta property=\"og:type\" content=\"article\" \/>\n<meta property=\"og:title\" content=\"Dons - Marianhill\" \/>\n<meta property=\"og:description\" content=\"La Fondation Marianhill a \u00e9t\u00e9 mise sur pied en 1997 pour lever des fonds et soutenir les programmes propos\u00e9s \u00e0 Marianhill.\" \/>\n<meta property=\"og:url\" content=\"https:\/\/marianhill.ca\/fr\/giving\/\" \/>\n<meta property=\"og:site_name\" content=\"Marianhill\" \/>\n<meta property=\"article:modified_time\" content=\"2026-03-24T13:40:42+00:00\" \/>\n<meta property=\"og:image\" content=\"https:\/\/marianhill.ca\/wp-content\/uploads\/2026\/03\/in-bg-foundation-02.jpg\" \/>\n\t<meta property=\"og:image:width\" content=\"540\" \/>\n\t<meta property=\"og:image:height\" content=\"600\" \/>\n\t<meta property=\"og:image:type\" content=\"image\/jpeg\" \/>\n<meta name=\"twitter:card\" content=\"summary_large_image\" \/>\n<meta name=\"twitter:label1\" content=\"Dur\u00e9e de lecture estim\u00e9e\" \/>\n\t<meta name=\"twitter:data1\" content=\"1 minute\" \/>\n<script type=\"application\/ld+json\" class=\"yoast-schema-graph\">{\"@context\":\"https:\\\/\\\/schema.org\",\"@graph\":[{\"@type\":\"WebPage\",\"@id\":\"https:\\\/\\\/marianhill.ca\\\/fr\\\/giving\\\/\",\"url\":\"https:\\\/\\\/marianhill.ca\\\/fr\\\/giving\\\/\",\"name\":\"Dons - Marianhill\",\"isPartOf\":{\"@id\":\"https:\\\/\\\/marianhill.ca\\\/fr\\\/#website\"},\"primaryImageOfPage\":{\"@id\":\"https:\\\/\\\/marianhill.ca\\\/fr\\\/giving\\\/#primaryimage\"},\"image\":{\"@id\":\"https:\\\/\\\/marianhill.ca\\\/fr\\\/giving\\\/#primaryimage\"},\"thumbnailUrl\":\"https:\\\/\\\/marianhill.ca\\\/wp-content\\\/uploads\\\/2026\\\/03\\\/in-bg-foundation-02.jpg\",\"datePublished\":\"2025-05-30T14:46:32+00:00\",\"dateModified\":\"2026-03-24T13:40:42+00:00\",\"description\":\"La Fondation Marianhill a \u00e9t\u00e9 mise sur pied en 1997 pour lever des fonds et soutenir les programmes propos\u00e9s \u00e0 Marianhill.\",\"breadcrumb\":{\"@id\":\"https:\\\/\\\/marianhill.ca\\\/fr\\\/giving\\\/#breadcrumb\"},\"inLanguage\":\"fr-FR\",\"potentialAction\":[{\"@type\":\"ReadAction\",\"target\":[\"https:\\\/\\\/marianhill.ca\\\/fr\\\/giving\\\/\"]}]},{\"@type\":\"ImageObject\",\"inLanguage\":\"fr-FR\",\"@id\":\"https:\\\/\\\/marianhill.ca\\\/fr\\\/giving\\\/#primaryimage\",\"url\":\"https:\\\/\\\/marianhill.ca\\\/wp-content\\\/uploads\\\/2026\\\/03\\\/in-bg-foundation-02.jpg\",\"contentUrl\":\"https:\\\/\\\/marianhill.ca\\\/wp-content\\\/uploads\\\/2026\\\/03\\\/in-bg-foundation-02.jpg\"},{\"@type\":\"BreadcrumbList\",\"@id\":\"https:\\\/\\\/marianhill.ca\\\/fr\\\/giving\\\/#breadcrumb\",\"itemListElement\":[{\"@type\":\"ListItem\",\"position\":1,\"name\":\"Home\",\"item\":\"https:\\\/\\\/marianhill.ca\\\/fr\\\/home\\\/\"},{\"@type\":\"ListItem\",\"position\":2,\"name\":\"Dons\"}]},{\"@type\":\"WebSite\",\"@id\":\"https:\\\/\\\/marianhill.ca\\\/fr\\\/#website\",\"url\":\"https:\\\/\\\/marianhill.ca\\\/fr\\\/\",\"name\":\"Marianhill\",\"description\":\"Nurturing the Body, Mind and Soul\",\"publisher\":{\"@id\":\"https:\\\/\\\/marianhill.ca\\\/fr\\\/#organization\"},\"potentialAction\":[{\"@type\":\"SearchAction\",\"target\":{\"@type\":\"EntryPoint\",\"urlTemplate\":\"https:\\\/\\\/marianhill.ca\\\/fr\\\/?s={search_term_string}\"},\"query-input\":{\"@type\":\"PropertyValueSpecification\",\"valueRequired\":true,\"valueName\":\"search_term_string\"}}],\"inLanguage\":\"fr-FR\"},{\"@type\":\"Organization\",\"@id\":\"https:\\\/\\\/marianhill.ca\\\/fr\\\/#organization\",\"name\":\"Marianhill\",\"url\":\"https:\\\/\\\/marianhill.ca\\\/fr\\\/\",\"logo\":{\"@type\":\"ImageObject\",\"inLanguage\":\"fr-FR\",\"@id\":\"https:\\\/\\\/marianhill.ca\\\/fr\\\/#\\\/schema\\\/logo\\\/image\\\/\",\"url\":\"https:\\\/\\\/marianhill.ca\\\/wp-content\\\/uploads\\\/2025\\\/06\\\/marianhill-logo-6a7f62-300-01.png\",\"contentUrl\":\"https:\\\/\\\/marianhill.ca\\\/wp-content\\\/uploads\\\/2025\\\/06\\\/marianhill-logo-6a7f62-300-01.png\",\"width\":300,\"height\":32,\"caption\":\"Marianhill\"},\"image\":{\"@id\":\"https:\\\/\\\/marianhill.ca\\\/fr\\\/#\\\/schema\\\/logo\\\/image\\\/\"}}]}<\/script>\n<!-- \/ Yoast SEO plugin. -->","yoast_head_json":{"title":"Dons - Marianhill","description":"La Fondation Marianhill a \u00e9t\u00e9 mise sur pied en 1997 pour lever des fonds et soutenir les programmes propos\u00e9s \u00e0 Marianhill.","robots":{"index":"index","follow":"follow","max-snippet":"max-snippet:-1","max-image-preview":"max-image-preview:large","max-video-preview":"max-video-preview:-1"},"canonical":"https:\/\/marianhill.ca\/fr\/giving\/","og_locale":"fr_FR","og_type":"article","og_title":"Dons - Marianhill","og_description":"La Fondation Marianhill a \u00e9t\u00e9 mise sur pied en 1997 pour lever des fonds et soutenir les programmes propos\u00e9s \u00e0 Marianhill.","og_url":"https:\/\/marianhill.ca\/fr\/giving\/","og_site_name":"Marianhill","article_modified_time":"2026-03-24T13:40:42+00:00","og_image":[{"width":540,"height":600,"url":"https:\/\/marianhill.ca\/wp-content\/uploads\/2026\/03\/in-bg-foundation-02.jpg","type":"image\/jpeg"}],"twitter_card":"summary_large_image","twitter_misc":{"Dur\u00e9e de lecture estim\u00e9e":"1 minute"},"schema":{"@context":"https:\/\/schema.org","@graph":[{"@type":"WebPage","@id":"https:\/\/marianhill.ca\/fr\/giving\/","url":"https:\/\/marianhill.ca\/fr\/giving\/","name":"Dons - Marianhill","isPartOf":{"@id":"https:\/\/marianhill.ca\/fr\/#website"},"primaryImageOfPage":{"@id":"https:\/\/marianhill.ca\/fr\/giving\/#primaryimage"},"image":{"@id":"https:\/\/marianhill.ca\/fr\/giving\/#primaryimage"},"thumbnailUrl":"https:\/\/marianhill.ca\/wp-content\/uploads\/2026\/03\/in-bg-foundation-02.jpg","datePublished":"2025-05-30T14:46:32+00:00","dateModified":"2026-03-24T13:40:42+00:00","description":"La Fondation Marianhill a \u00e9t\u00e9 mise sur pied en 1997 pour lever des fonds et soutenir les programmes propos\u00e9s \u00e0 Marianhill.","breadcrumb":{"@id":"https:\/\/marianhill.ca\/fr\/giving\/#breadcrumb"},"inLanguage":"fr-FR","potentialAction":[{"@type":"ReadAction","target":["https:\/\/marianhill.ca\/fr\/giving\/"]}]},{"@type":"ImageObject","inLanguage":"fr-FR","@id":"https:\/\/marianhill.ca\/fr\/giving\/#primaryimage","url":"https:\/\/marianhill.ca\/wp-content\/uploads\/2026\/03\/in-bg-foundation-02.jpg","contentUrl":"https:\/\/marianhill.ca\/wp-content\/uploads\/2026\/03\/in-bg-foundation-02.jpg"},{"@type":"BreadcrumbList","@id":"https:\/\/marianhill.ca\/fr\/giving\/#breadcrumb","itemListElement":[{"@type":"ListItem","position":1,"name":"Home","item":"https:\/\/marianhill.ca\/fr\/home\/"},{"@type":"ListItem","position":2,"name":"Dons"}]},{"@type":"WebSite","@id":"https:\/\/marianhill.ca\/fr\/#website","url":"https:\/\/marianhill.ca\/fr\/","name":"Marianhill","description":"Nurturing the Body, Mind and Soul","publisher":{"@id":"https:\/\/marianhill.ca\/fr\/#organization"},"potentialAction":[{"@type":"SearchAction","target":{"@type":"EntryPoint","urlTemplate":"https:\/\/marianhill.ca\/fr\/?s={search_term_string}"},"query-input":{"@type":"PropertyValueSpecification","valueRequired":true,"valueName":"search_term_string"}}],"inLanguage":"fr-FR"},{"@type":"Organization","@id":"https:\/\/marianhill.ca\/fr\/#organization","name":"Marianhill","url":"https:\/\/marianhill.ca\/fr\/","logo":{"@type":"ImageObject","inLanguage":"fr-FR","@id":"https:\/\/marianhill.ca\/fr\/#\/schema\/logo\/image\/","url":"https:\/\/marianhill.ca\/wp-content\/uploads\/2025\/06\/marianhill-logo-6a7f62-300-01.png","contentUrl":"https:\/\/marianhill.ca\/wp-content\/uploads\/2025\/06\/marianhill-logo-6a7f62-300-01.png","width":300,"height":32,"caption":"Marianhill"},"image":{"@id":"https:\/\/marianhill.ca\/fr\/#\/schema\/logo\/image\/"}}]}},"publishpress_future_action":{"enabled":false,"date":"2026-05-01 09:24:40","action":"change-status","newStatus":"draft","terms":[],"taxonomy":"translation_priority","extraData":[]},"publishpress_future_workflow_manual_trigger":{"enabledWorkflows":[]},"_links":{"self":[{"href":"https:\/\/marianhill.ca\/fr\/wp-json\/wp\/v2\/pages\/15280","targetHints":{"allow":["GET"]}}],"collection":[{"href":"https:\/\/marianhill.ca\/fr\/wp-json\/wp\/v2\/pages"}],"about":[{"href":"https:\/\/marianhill.ca\/fr\/wp-json\/wp\/v2\/types\/page"}],"author":[{"embeddable":true,"href":"https:\/\/marianhill.ca\/fr\/wp-json\/wp\/v2\/users\/1"}],"replies":[{"embeddable":true,"href":"https:\/\/marianhill.ca\/fr\/wp-json\/wp\/v2\/comments?post=15280"}],"version-history":[{"count":32,"href":"https:\/\/marianhill.ca\/fr\/wp-json\/wp\/v2\/pages\/15280\/revisions"}],"predecessor-version":[{"id":17189,"href":"https:\/\/marianhill.ca\/fr\/wp-json\/wp\/v2\/pages\/15280\/revisions\/17189"}],"wp:attachment":[{"href":"https:\/\/marianhill.ca\/fr\/wp-json\/wp\/v2\/media?parent=15280"}],"curies":[{"name":"wp","href":"https:\/\/api.w.org\/{rel}","templated":true}]}}